{"id":2559,"date":"2026-01-14T14:58:14","date_gmt":"2026-01-14T13:58:14","guid":{"rendered":"https:\/\/nhtowage.com\/?page_id=2559"},"modified":"2026-01-14T15:06:52","modified_gmt":"2026-01-14T14:06:52","slug":"news","status":"publish","type":"page","link":"https:\/\/nhtowage.com\/da\/news\/","title":{"rendered":"Nyheder"},"content":{"rendered":"<div data-elementor-type=\"wp-page\" data-elementor-id=\"2559\" class=\"elementor elementor-2559\" data-elementor-post-type=\"page\">\n\t\t\t\t<div class=\"elementor-element elementor-element-5004bf46 e-flex e-con-boxed e-con e-parent\" data-id=\"5004bf46\" data-element_type=\"container\" data-e-type=\"container\">\n\t\t\t\t\t<div class=\"e-con-inner\">\n\t\t\t\t<div class=\"elementor-element elementor-element-17409d42 elementor-widget elementor-widget-text-editor\" data-id=\"17409d42\" data-element_type=\"widget\" data-e-type=\"widget\" data-widget_type=\"text-editor.default\">\n\t\t\t\t<div class=\"elementor-widget-container\">\n\t\t\t\t\t\t\t\t\t\n<h1 class=\"wp-block-heading\"> <\/h1>\n\t\t\t\t\t\t\t\t<\/div>\n\t\t\t\t<\/div>\n\t\t\t\t\t<\/div>\n\t\t\t\t<\/div>\n\t\t<div class=\"elementor-element elementor-element-85a58dd e-flex e-con-boxed e-con e-parent\" data-id=\"85a58dd\" data-element_type=\"container\" data-e-type=\"container\">\n\t\t\t\t\t<div class=\"e-con-inner\">\n\t\t\t\t\t<\/div>\n\t\t\t\t<\/div>\n\t\t<div class=\"elementor-element elementor-element-2d1d9ef e-flex e-con-boxed e-con e-parent\" data-id=\"2d1d9ef\" data-element_type=\"container\" data-e-type=\"container\">\n\t\t\t\t\t<div class=\"e-con-inner\">\n\t\t\t\t<div class=\"elementor-element elementor-element-d1dad52 elementor-widget elementor-widget-heading\" data-id=\"d1dad52\" data-element_type=\"widget\" data-e-type=\"widget\" data-widget_type=\"heading.default\">\n\t\t\t\t<div class=\"elementor-widget-container\">\n\t\t\t\t\t<h2 class=\"elementor-heading-title elementor-size-default\">Nyheder<\/h2>\t\t\t\t<\/div>\n\t\t\t\t<\/div>\n\t\t\t\t<div class=\"elementor-element elementor-element-e5f8a63 elementor-widget elementor-widget-spacer\" data-id=\"e5f8a63\" data-element_type=\"widget\" data-e-type=\"widget\" data-widget_type=\"spacer.default\">\n\t\t\t\t<div class=\"elementor-widget-container\">\n\t\t\t\t\t\t\t<div class=\"elementor-spacer\">\n\t\t\t<div class=\"elementor-spacer-inner\"><\/div>\n\t\t<\/div>\n\t\t\t\t\t\t<\/div>\n\t\t\t\t<\/div>\n\t\t\t\t\t<\/div>\n\t\t\t\t<\/div>\n\t\t<div class=\"elementor-element elementor-element-aa958e5 e-flex e-con-boxed e-con e-parent\" data-id=\"aa958e5\" data-element_type=\"container\" data-e-type=\"container\">\n\t\t\t\t\t<div class=\"e-con-inner\">\n\t\t\t\t<div class=\"elementor-element elementor-element-7f15c1a elementor-grid-3 elementor-grid-tablet-2 elementor-grid-mobile-1 elementor-posts--thumbnail-top elementor-card-shadow-yes elementor-posts__hover-gradient elementor-widget elementor-widget-posts\" data-id=\"7f15c1a\" data-element_type=\"widget\" data-e-type=\"widget\" data-settings=\"{&quot;cards_columns&quot;:&quot;3&quot;,&quot;cards_columns_tablet&quot;:&quot;2&quot;,&quot;cards_columns_mobile&quot;:&quot;1&quot;,&quot;cards_row_gap&quot;:{&quot;unit&quot;:&quot;px&quot;,&quot;size&quot;:35,&quot;sizes&quot;:[]},&quot;cards_row_gap_tablet&quot;:{&quot;unit&quot;:&quot;px&quot;,&quot;size&quot;:&quot;&quot;,&quot;sizes&quot;:[]},&quot;cards_row_gap_mobile&quot;:{&quot;unit&quot;:&quot;px&quot;,&quot;size&quot;:&quot;&quot;,&quot;sizes&quot;:[]}}\" data-widget_type=\"posts.cards\">\n\t\t\t\t<div class=\"elementor-widget-container\">\n\t\t\t\t\t\t\t<div class=\"elementor-posts-container elementor-posts elementor-posts--skin-cards elementor-grid\" role=\"list\">\n\t\t\t\t<article class=\"elementor-post elementor-grid-item post-2495 post type-post status-publish format-standard hentry category-nyhed\" role=\"listitem\">\n\t\t\t<div class=\"elementor-post__card\">\n\t\t\t\t<div class=\"elementor-post__text\">\n\t\t\t\t<h3 class=\"elementor-post__title\">\n\t\t\t<a href=\"https:\/\/nhtowage.com\/da\/nh-towage-publishes-its-first-esg-report-for-2024\/\" >\n\t\t\t\tNH Towage offentligg\u00f8r sin f\u00f8rste ESG-rapport for 2024\t\t\t<\/a>\n\t\t<\/h3>\n\t\t\t\t<div class=\"elementor-post__excerpt\">\n\t\t\t<p>NH Towage er glade for at kunne offentligg\u00f8re virksomhedens f\u00f8rste ESG-rapport (Environmental, Social and Governance) for \u00e5ret 2024. ESG-rapporten er offentligt tilg\u00e6ngelig p\u00e5 virksomhedens hjemmeside under afsnittet \u201cOm os\u201d og markerer en vigtig milep\u00e6l i NH Towages engagement i ansvarlig og b\u00e6redygtig maritim drift.<\/p>\n\t\t<\/div>\n\t\t\t\t\t<div class=\"elementor-post__read-more-wrapper\">\n\t\t\n\t\t<a class=\"elementor-post__read-more\" href=\"https:\/\/nhtowage.com\/da\/nh-towage-publishes-its-first-esg-report-for-2024\/\" aria-label=\"Read more about NH Towage Publishes Its First ESG Report for 2024\" tabindex=\"-1\" >\n\t\t\tL\u00e6s Mere&gt;&gt;\t\t<\/a>\n\n\t\t\t\t\t<\/div>\n\t\t\t\t<\/div>\n\t\t\t\t\t<\/div>\n\t\t<\/article>\n\t\t\t\t<article class=\"elementor-post elementor-grid-item post-2470 post type-post status-publish format-standard has-post-thumbnail hentry category-nyhed\" role=\"listitem\">\n\t\t\t<div class=\"elementor-post__card\">\n\t\t\t\t<a class=\"elementor-post__thumbnail__link\" href=\"https:\/\/nhtowage.com\/da\/nh-towage-strengthens-its-fleet-with-new-tugboat-nh-worker\/\" tabindex=\"-1\" ><div class=\"elementor-post__thumbnail\"><img decoding=\"async\" width=\"300\" height=\"155\" src=\"https:\/\/nhtowage.com\/wp-content\/uploads\/2025\/11\/nh-worker-1-300x155.jpg\" class=\"attachment-medium size-medium wp-image-2471\" alt=\"\" srcset=\"https:\/\/nhtowage.com\/wp-content\/uploads\/2025\/11\/nh-worker-1-300x155.jpg 300w, https:\/\/nhtowage.com\/wp-content\/uploads\/2025\/11\/nh-worker-1-1024x530.jpg 1024w, https:\/\/nhtowage.com\/wp-content\/uploads\/2025\/11\/nh-worker-1-768x397.jpg 768w, https:\/\/nhtowage.com\/wp-content\/uploads\/2025\/11\/nh-worker-1-1536x794.jpg 1536w, https:\/\/nhtowage.com\/wp-content\/uploads\/2025\/11\/nh-worker-1-2048x1059.jpg 2048w, https:\/\/nhtowage.com\/wp-content\/uploads\/2025\/11\/nh-worker-1-18x9.jpg 18w\" sizes=\"(max-width: 300px) 100vw, 300px\" \/><\/div><\/a>\n\t\t\t\t<div class=\"elementor-post__text\">\n\t\t\t\t<h3 class=\"elementor-post__title\">\n\t\t\t<a href=\"https:\/\/nhtowage.com\/da\/nh-towage-strengthens-its-fleet-with-new-tugboat-nh-worker\/\" >\n\t\t\t\tNH Towage styrker sin fl\u00e5de med den nye sl\u00e6beb\u00e5d NH Worker\t\t\t<\/a>\n\t\t<\/h3>\n\t\t\t\t<div class=\"elementor-post__excerpt\">\n\t\t\t<p>NH Towage A\/S forts\u00e6tter sin strategiske udvikling og udvider nu sin operationelle kapacitet med tilf\u00f8jelsen af en ny sl\u00e6beb\u00e5d til fl\u00e5den.<\/p>\n\t\t<\/div>\n\t\t\t\t\t<div class=\"elementor-post__read-more-wrapper\">\n\t\t\n\t\t<a class=\"elementor-post__read-more\" href=\"https:\/\/nhtowage.com\/da\/nh-towage-strengthens-its-fleet-with-new-tugboat-nh-worker\/\" aria-label=\"Read more about NH Towage strengthens its fleet with new tugboat NH Worker\" tabindex=\"-1\" >\n\t\t\tL\u00e6s Mere&gt;&gt;\t\t<\/a>\n\n\t\t\t\t\t<\/div>\n\t\t\t\t<\/div>\n\t\t\t\t\t<\/div>\n\t\t<\/article>\n\t\t\t\t<article class=\"elementor-post elementor-grid-item post-2328 post type-post status-publish format-standard has-post-thumbnail hentry category-nyhed\" role=\"listitem\">\n\t\t\t<div class=\"elementor-post__card\">\n\t\t\t\t<a class=\"elementor-post__thumbnail__link\" href=\"https:\/\/nhtowage.com\/da\/new\/\" tabindex=\"-1\" ><div class=\"elementor-post__thumbnail\"><img fetchpriority=\"high\" decoding=\"async\" width=\"300\" height=\"225\" src=\"https:\/\/nhtowage.com\/wp-content\/uploads\/2025\/08\/8d6cb1cc-1f1f-4e6c-8fde-f4964f47f246-1-300x225.jpg\" class=\"attachment-medium size-medium wp-image-2330\" alt=\"CTV NH Tender\" srcset=\"https:\/\/nhtowage.com\/wp-content\/uploads\/2025\/08\/8d6cb1cc-1f1f-4e6c-8fde-f4964f47f246-1-300x225.jpg 300w, https:\/\/nhtowage.com\/wp-content\/uploads\/2025\/08\/8d6cb1cc-1f1f-4e6c-8fde-f4964f47f246-1-1024x768.jpg 1024w, https:\/\/nhtowage.com\/wp-content\/uploads\/2025\/08\/8d6cb1cc-1f1f-4e6c-8fde-f4964f47f246-1-768x576.jpg 768w, https:\/\/nhtowage.com\/wp-content\/uploads\/2025\/08\/8d6cb1cc-1f1f-4e6c-8fde-f4964f47f246-1-1536x1152.jpg 1536w, https:\/\/nhtowage.com\/wp-content\/uploads\/2025\/08\/8d6cb1cc-1f1f-4e6c-8fde-f4964f47f246-1-16x12.jpg 16w, https:\/\/nhtowage.com\/wp-content\/uploads\/2025\/08\/8d6cb1cc-1f1f-4e6c-8fde-f4964f47f246-1.jpg 2048w\" sizes=\"(max-width: 300px) 100vw, 300px\" \/><\/div><\/a>\n\t\t\t\t<div class=\"elementor-post__text\">\n\t\t\t\t<h3 class=\"elementor-post__title\">\n\t\t\t<a href=\"https:\/\/nhtowage.com\/da\/new\/\" >\n\t\t\t\tNH Towage udvider fl\u00e5den med ny CTV \u2013 NH Tender\t\t\t<\/a>\n\t\t<\/h3>\n\t\t\t\t<div class=\"elementor-post__excerpt\">\n\t\t\t<p>Vi er stolte af at kunne meddele, at NH Towage har tilf\u00f8jet et Crew Transfer Vessel (CTV) til vores fl\u00e5de. Skibet, som har f\u00e5et navnet NH Tender<\/p>\n\t\t<\/div>\n\t\t\t\t\t<div class=\"elementor-post__read-more-wrapper\">\n\t\t\n\t\t<a class=\"elementor-post__read-more\" href=\"https:\/\/nhtowage.com\/da\/new\/\" aria-label=\"Read more about NH Towage expands fleet with new CTV \u2013 NH Tender\" tabindex=\"-1\" >\n\t\t\tL\u00e6s Mere&gt;&gt;\t\t<\/a>\n\n\t\t\t\t\t<\/div>\n\t\t\t\t<\/div>\n\t\t\t\t\t<\/div>\n\t\t<\/article>\n\t\t\t\t<\/div>\n\t\t\n\t\t\t\t\t\t<\/div>\n\t\t\t\t<\/div>\n\t\t<div class=\"elementor-element elementor-element-01f2153 e-con-full e-flex e-con e-child\" data-id=\"01f2153\" data-element_type=\"container\" data-e-type=\"container\">\n\t\t\t\t<\/div>\n\t\t\t\t<div class=\"elementor-element elementor-element-55ab5e5 elementor-widget elementor-widget-spacer\" data-id=\"55ab5e5\" data-element_type=\"widget\" data-e-type=\"widget\" data-widget_type=\"spacer.default\">\n\t\t\t\t<div class=\"elementor-widget-container\">\n\t\t\t\t\t\t\t<div class=\"elementor-spacer\">\n\t\t\t<div class=\"elementor-spacer-inner\"><\/div>\n\t\t<\/div>\n\t\t\t\t\t\t<\/div>\n\t\t\t\t<\/div>\n\t\t\t\t\t<\/div>\n\t\t\t\t<\/div>\n\t\t\t\t<\/div>","protected":false},"excerpt":{"rendered":"<p>Nyheder<\/p>","protected":false},"author":1,"featured_media":0,"parent":0,"menu_order":0,"comment_status":"closed","ping_status":"closed","template":"","meta":{"_acf_changed":false,"footnotes":""},"class_list":["post-2559","page","type-page","status-publish","hentry"],"acf":[],"yoast_head":"<!-- This site is optimized with the Yoast SEO plugin v27.3 - https:\/\/yoast.com\/product\/yoast-seo-wordpress\/ -->\n<title>News - nhtowage.com<\/title>\n<meta name=\"robots\" content=\"index, follow, max-snippet:-1, max-image-preview:large, max-video-preview:-1\" \/>\n<link rel=\"canonical\" href=\"https:\/\/nhtowage.com\/da\/news\/\" \/>\n<meta property=\"og:locale\" content=\"da_DK\" \/>\n<meta property=\"og:type\" content=\"article\" \/>\n<meta property=\"og:title\" content=\"News - nhtowage.com\" \/>\n<meta property=\"og:description\" content=\"News\" \/>\n<meta property=\"og:url\" content=\"https:\/\/nhtowage.com\/da\/news\/\" \/>\n<meta property=\"og:site_name\" content=\"nhtowage.com\" \/>\n<meta property=\"article:modified_time\" content=\"2026-01-14T14:06:52+00:00\" \/>\n<meta name=\"twitter:card\" content=\"summary_large_image\" \/>\n<meta name=\"twitter:label1\" content=\"Estimeret l\u00e6setid\" \/>\n\t<meta name=\"twitter:data1\" content=\"3 minutter\" \/>\n<script type=\"application\/ld+json\" class=\"yoast-schema-graph\">{\"@context\":\"https:\\\/\\\/schema.org\",\"@graph\":[{\"@type\":\"WebPage\",\"@id\":\"https:\\\/\\\/nhtowage.com\\\/news\\\/\",\"url\":\"https:\\\/\\\/nhtowage.com\\\/news\\\/\",\"name\":\"News - nhtowage.com\",\"isPartOf\":{\"@id\":\"https:\\\/\\\/nhtowage.com\\\/#website\"},\"datePublished\":\"2026-01-14T13:58:14+00:00\",\"dateModified\":\"2026-01-14T14:06:52+00:00\",\"breadcrumb\":{\"@id\":\"https:\\\/\\\/nhtowage.com\\\/news\\\/#breadcrumb\"},\"inLanguage\":\"da-DK\",\"potentialAction\":[{\"@type\":\"ReadAction\",\"target\":[\"https:\\\/\\\/nhtowage.com\\\/news\\\/\"]}]},{\"@type\":\"BreadcrumbList\",\"@id\":\"https:\\\/\\\/nhtowage.com\\\/news\\\/#breadcrumb\",\"itemListElement\":[{\"@type\":\"ListItem\",\"position\":1,\"name\":\"Home\",\"item\":\"https:\\\/\\\/nhtowage.com\\\/\"},{\"@type\":\"ListItem\",\"position\":2,\"name\":\"News\"}]},{\"@type\":\"WebSite\",\"@id\":\"https:\\\/\\\/nhtowage.com\\\/#website\",\"url\":\"https:\\\/\\\/nhtowage.com\\\/\",\"name\":\"nhtowage.com\",\"description\":\"Towage\",\"publisher\":{\"@id\":\"https:\\\/\\\/nhtowage.com\\\/#organization\"},\"potentialAction\":[{\"@type\":\"SearchAction\",\"target\":{\"@type\":\"EntryPoint\",\"urlTemplate\":\"https:\\\/\\\/nhtowage.com\\\/?s={search_term_string}\"},\"query-input\":{\"@type\":\"PropertyValueSpecification\",\"valueRequired\":true,\"valueName\":\"search_term_string\"}}],\"inLanguage\":\"da-DK\"},{\"@type\":\"Organization\",\"@id\":\"https:\\\/\\\/nhtowage.com\\\/#organization\",\"name\":\"NH Towage A\\\/S\",\"url\":\"https:\\\/\\\/nhtowage.com\\\/\",\"logo\":{\"@type\":\"ImageObject\",\"inLanguage\":\"da-DK\",\"@id\":\"https:\\\/\\\/nhtowage.com\\\/#\\\/schema\\\/logo\\\/image\\\/\",\"url\":\"https:\\\/\\\/nhtowage.com\\\/wp-content\\\/uploads\\\/2025\\\/05\\\/NH-logo.svg\",\"contentUrl\":\"https:\\\/\\\/nhtowage.com\\\/wp-content\\\/uploads\\\/2025\\\/05\\\/NH-logo.svg\",\"width\":1670,\"height\":610,\"caption\":\"NH Towage A\\\/S\"},\"image\":{\"@id\":\"https:\\\/\\\/nhtowage.com\\\/#\\\/schema\\\/logo\\\/image\\\/\"},\"sameAs\":[\"https:\\\/\\\/www.linkedin.com\\\/company\\\/svendborg-bugser-a-s\\\/posts\\\/?feedView=all\",\"https:\\\/\\\/www.instagram.com\\\/nhtowage\\\/\",\"https:\\\/\\\/www.youtube.com\\\/user\\\/svendborgbugser1\"]}]}<\/script>\n<!-- \/ Yoast SEO plugin. -->","yoast_head_json":{"title":"News - nhtowage.com","robots":{"index":"index","follow":"follow","max-snippet":"max-snippet:-1","max-image-preview":"max-image-preview:large","max-video-preview":"max-video-preview:-1"},"canonical":"https:\/\/nhtowage.com\/da\/news\/","og_locale":"da_DK","og_type":"article","og_title":"News - nhtowage.com","og_description":"News","og_url":"https:\/\/nhtowage.com\/da\/news\/","og_site_name":"nhtowage.com","article_modified_time":"2026-01-14T14:06:52+00:00","twitter_card":"summary_large_image","twitter_misc":{"Estimeret l\u00e6setid":"3 minutter"},"schema":{"@context":"https:\/\/schema.org","@graph":[{"@type":"WebPage","@id":"https:\/\/nhtowage.com\/news\/","url":"https:\/\/nhtowage.com\/news\/","name":"News - nhtowage.com","isPartOf":{"@id":"https:\/\/nhtowage.com\/#website"},"datePublished":"2026-01-14T13:58:14+00:00","dateModified":"2026-01-14T14:06:52+00:00","breadcrumb":{"@id":"https:\/\/nhtowage.com\/news\/#breadcrumb"},"inLanguage":"da-DK","potentialAction":[{"@type":"ReadAction","target":["https:\/\/nhtowage.com\/news\/"]}]},{"@type":"BreadcrumbList","@id":"https:\/\/nhtowage.com\/news\/#breadcrumb","itemListElement":[{"@type":"ListItem","position":1,"name":"Home","item":"https:\/\/nhtowage.com\/"},{"@type":"ListItem","position":2,"name":"News"}]},{"@type":"WebSite","@id":"https:\/\/nhtowage.com\/#website","url":"https:\/\/nhtowage.com\/","name":"nhtowage.com","description":"Towage","publisher":{"@id":"https:\/\/nhtowage.com\/#organization"},"potentialAction":[{"@type":"SearchAction","target":{"@type":"EntryPoint","urlTemplate":"https:\/\/nhtowage.com\/?s={search_term_string}"},"query-input":{"@type":"PropertyValueSpecification","valueRequired":true,"valueName":"search_term_string"}}],"inLanguage":"da-DK"},{"@type":"Organization","@id":"https:\/\/nhtowage.com\/#organization","name":"NH Towage A\/S","url":"https:\/\/nhtowage.com\/","logo":{"@type":"ImageObject","inLanguage":"da-DK","@id":"https:\/\/nhtowage.com\/#\/schema\/logo\/image\/","url":"https:\/\/nhtowage.com\/wp-content\/uploads\/2025\/05\/NH-logo.svg","contentUrl":"https:\/\/nhtowage.com\/wp-content\/uploads\/2025\/05\/NH-logo.svg","width":1670,"height":610,"caption":"NH Towage A\/S"},"image":{"@id":"https:\/\/nhtowage.com\/#\/schema\/logo\/image\/"},"sameAs":["https:\/\/www.linkedin.com\/company\/svendborg-bugser-a-s\/posts\/?feedView=all","https:\/\/www.instagram.com\/nhtowage\/","https:\/\/www.youtube.com\/user\/svendborgbugser1"]}]}},"_links":{"self":[{"href":"https:\/\/nhtowage.com\/da\/wp-json\/wp\/v2\/pages\/2559","targetHints":{"allow":["GET"]}}],"collection":[{"href":"https:\/\/nhtowage.com\/da\/wp-json\/wp\/v2\/pages"}],"about":[{"href":"https:\/\/nhtowage.com\/da\/wp-json\/wp\/v2\/types\/page"}],"author":[{"embeddable":true,"href":"https:\/\/nhtowage.com\/da\/wp-json\/wp\/v2\/users\/1"}],"replies":[{"embeddable":true,"href":"https:\/\/nhtowage.com\/da\/wp-json\/wp\/v2\/comments?post=2559"}],"version-history":[{"count":12,"href":"https:\/\/nhtowage.com\/da\/wp-json\/wp\/v2\/pages\/2559\/revisions"}],"predecessor-version":[{"id":2575,"href":"https:\/\/nhtowage.com\/da\/wp-json\/wp\/v2\/pages\/2559\/revisions\/2575"}],"wp:attachment":[{"href":"https:\/\/nhtowage.com\/da\/wp-json\/wp\/v2\/media?parent=2559"}],"curies":[{"name":"wp","href":"https:\/\/api.w.org\/{rel}","templated":true}]}}